{"id":123,"date":"2023-04-21T06:36:12","date_gmt":"2023-04-21T06:36:12","guid":{"rendered":"https:\/\/urban.gregorythemes.com\/light\/?page_id=123"},"modified":"2023-11-17T10:44:18","modified_gmt":"2023-11-17T09:44:18","slug":"datenschutz","status":"publish","type":"page","link":"https:\/\/luigis-restaurant.de\/index.php\/datenschutz\/","title":{"rendered":"Datenschutz"},"content":{"rendered":"<p>[et_pb_section fb_built=&#8220;1&#8243; _builder_version=&#8220;4.22.1&#8243; _module_preset=&#8220;default&#8220; use_background_color_gradient=&#8220;on&#8220; background_color_gradient_stops=&#8220;rgba(0,0,0,0.5) 0%|rgba(0,0,0,0.5) 100%&#8220; background_color_gradient_overlays_image=&#8220;on&#8220; background_image=&#8220;https:\/\/luigis-restaurant.de\/wp-content\/uploads\/2023\/11\/2023-09-08-1.jpg&#8220; custom_padding=&#8220;6%||6%||true|false&#8220; global_colors_info=&#8220;{}&#8220;][et_pb_row _builder_version=&#8220;4.20.4&#8243; _module_preset=&#8220;default&#8220; global_colors_info=&#8220;{}&#8220;][et_pb_column type=&#8220;4_4&#8243; _builder_version=&#8220;4.20.4&#8243; _module_preset=&#8220;default&#8220; global_colors_info=&#8220;{}&#8220;][et_pb_text _builder_version=&#8220;4.20.4&#8243; _dynamic_attributes=&#8220;content&#8220; _module_preset=&#8220;default&#8220; text_orientation=&#8220;center&#8220; background_layout=&#8220;dark&#8220; global_colors_info=&#8220;{}&#8220;]@ET-DC@eyJkeW5hbWljIjp0cnVlLCJjb250ZW50IjoicG9zdF90aXRsZSIsInNldHRpbmdzIjp7ImJlZm9yZSI6IjxoMT4iLCJhZnRlciI6IjwvaDE+In19@[\/et_pb_text][\/et_pb_column][\/et_pb_row][\/et_pb_section][et_pb_section fb_built=&#8220;1&#8243; _builder_version=&#8220;4.22.1&#8243; _module_preset=&#8220;default&#8220; background_color=&#8220;RGBA(255,255,255,0)&#8220; hover_enabled=&#8220;0&#8243; global_colors_info=&#8220;{}&#8220; sticky_enabled=&#8220;0&#8243;][et_pb_row _builder_version=&#8220;4.22.1&#8243; _module_preset=&#8220;default&#8220; hover_enabled=&#8220;0&#8243; global_colors_info=&#8220;{}&#8220; sticky_enabled=&#8220;0&#8243;][et_pb_column type=&#8220;4_4&#8243; _builder_version=&#8220;4.22.1&#8243; _module_preset=&#8220;default&#8220; hover_enabled=&#8220;0&#8243; global_colors_info=&#8220;{}&#8220; sticky_enabled=&#8220;0&#8243;][et_pb_text _builder_version=&#8220;4.22.1&#8243; _module_preset=&#8220;default&#8220; hover_enabled=&#8220;0&#8243; global_colors_info=&#8220;{}&#8220; sticky_enabled=&#8220;0&#8243;]<\/p>\n<h4>Datenschutzerkl\u00e4rung<\/h4>\n<p>&nbsp;<\/p>\n<p>Die Website <a href=\"http:\/\/www.luigis-restaurants.de\/\" target=\"_new\" rel=\"noopener\">www.Luigis-restaurants.de<\/a> geh\u00f6rt Luigi&#8217;s Restaurant, das als Datenverantwortlicher f\u00fcr Ihre pers\u00f6nlichen Daten fungiert.<\/p>\n<p>Wir haben diese Datenschutzerkl\u00e4rung verabschiedet, die festlegt, wie wir die von <a href=\"http:\/\/www.luigis-restaurants.de\/\" target=\"_new\" rel=\"noopener\">www.Luigis-restaurants.de<\/a> gesammelten Informationen verarbeiten. Sie gibt auch die Gr\u00fcnde an, warum wir bestimmte personenbezogene Daten \u00fcber Sie sammeln m\u00fcssen. Daher sollten Sie diese Datenschutzerkl\u00e4rung lesen, bevor Sie die Website <a href=\"http:\/\/www.luigis-restaurants.de\/\" target=\"_new\" rel=\"noopener\">www.Luigis-restaurants.de<\/a> nutzen.<\/p>\n<p>Wir k\u00fcmmern uns um Ihre pers\u00f6nlichen Daten und verpflichten uns, deren Vertraulichkeit und Sicherheit zu gew\u00e4hrleisten.<\/p>\n<p>Personenbezogene Daten, die wir sammeln:<\/p>\n<p>Wenn Sie <a href=\"http:\/\/www.luigis-restaurants.de\/\" target=\"_new\" rel=\"noopener\">www.Luigis-restaurants.de<\/a> besuchen, erfassen wir automatisch bestimmte Informationen \u00fcber Ihr Ger\u00e4t, einschlie\u00dflich Informationen \u00fcber Ihren Webbrowser, Ihre IP-Adresse, Ihre Zeitzone und einige der auf Ihrem Ger\u00e4t installierten Cookies. Dar\u00fcber hinaus sammeln wir w\u00e4hrend des Durchsuchens der Website Informationen \u00fcber die einzelnen Webseiten oder Produkte, die Sie anzeigen, welche Websites oder Suchbegriffe Sie zur Website gef\u00fchrt haben, und wie Sie mit der Website interagieren. Diese automatisch gesammelten Informationen bezeichnen wir als &#8222;Ger\u00e4teinformationen&#8220;. Dar\u00fcber hinaus k\u00f6nnen wir die personenbezogenen Daten erfassen, die Sie uns zur Verf\u00fcgung stellen (einschlie\u00dflich, aber nicht beschr\u00e4nkt auf Name, Nachname, Adresse, Zahlungsinformationen usw.) w\u00e4hrend der Registrierung, um die Vereinbarung erf\u00fcllen zu k\u00f6nnen.<\/p>\n<p>Warum verarbeiten wir Ihre Daten?<\/p>\n<p>Unsere oberste Priorit\u00e4t ist die Sicherheit der Kundendaten, und daher verarbeiten wir m\u00f6glicherweise nur minimale Benutzerdaten, nur so viel wie unbedingt erforderlich, um die Website aufrechtzuerhalten. Automatisch gesammelte Informationen werden nur verwendet, um potenzielle Missbrauchsf\u00e4lle zu identifizieren und statistische Informationen zur Website-Nutzung zu erstellen. Diese statistischen Informationen werden nicht in einer Weise aggregiert, die einen bestimmten Benutzer des Systems identifizieren w\u00fcrde.<\/p>\n<p>Sie k\u00f6nnen die Website besuchen, ohne uns mitzuteilen, wer Sie sind oder irgendwelche Informationen preiszugeben, durch die man Sie als eine bestimmte, identifizierbare Person erkennen k\u00f6nnte. Wenn Sie jedoch einige der Funktionen der Website nutzen m\u00f6chten oder unseren Newsletter erhalten m\u00f6chten oder andere Details \u00fcber ein Formular bereitstellen m\u00f6chten, k\u00f6nnen Sie uns personenbezogene Daten wie Ihre E-Mail, Ihren Vornamen, Nachnamen, Wohnort, Organisation und Telefonnummer bereitstellen. Sie k\u00f6nnen w\u00e4hlen, uns Ihre personenbezogenen Daten nicht zur Verf\u00fcgung zu stellen, aber dann k\u00f6nnen Sie m\u00f6glicherweise einige der Funktionen der Website nicht nutzen. Beispielsweise k\u00f6nnen Sie unseren Newsletter nicht erhalten oder uns nicht direkt von der Website aus kontaktieren. Benutzer, die unsicher sind, welche Informationen obligatorisch sind, k\u00f6nnen uns unter <a href=\"mailto:info@louigis-restaurants.de\" target=\"_new\" rel=\"noopener\">info@louigis-restaurants.de<\/a> kontaktieren.<\/p>\n<p>Ihre Rechte:<\/p>\n<p>Wenn Sie ein europ\u00e4ischer Bewohner sind, haben Sie die folgenden Rechte in Bezug auf Ihre personenbezogenen Daten:<\/p>\n<p>Das Recht auf Information.<\/p>\n<p>Das Recht auf Zugang.<\/p>\n<p>Das Recht auf Berichtigung.<\/p>\n<p>Das Recht auf L\u00f6schung.<\/p>\n<p>Das Recht auf Einschr\u00e4nkung der Verarbeitung.<\/p>\n<p>Das Recht auf Daten\u00fcbertragbarkeit.<\/p>\n<p>Das Widerspruchsrecht.<\/p>\n<p>Rechte in Bezug auf automatisierte Entscheidungsfindung und Profilierung.<\/p>\n<p>Wenn Sie dieses Recht aus\u00fcben m\u00f6chten, kontaktieren Sie uns bitte \u00fcber die unten stehenden Kontaktinformationen.<\/p>\n<p>Zus\u00e4tzlich sei darauf hingewiesen, dass wir, wenn Sie ein europ\u00e4ischer Bewohner sind, Ihre Informationen verarbeiten, um Vertr\u00e4ge zu erf\u00fcllen, die wir m\u00f6glicherweise mit Ihnen haben (zum Beispiel, wenn Sie eine Bestellung \u00fcber die Website aufgeben) oder um unsere legitimen Gesch\u00e4ftsinteressen zu verfolgen, die oben aufgef\u00fchrt sind. Bitte beachten Sie auch, dass Ihre Informationen m\u00f6glicherweise au\u00dferhalb Europas \u00fcbertragen werden, einschlie\u00dflich Kanada und den Vereinigten Staaten.<\/p>\n<p>Links zu anderen Websites:<\/p>\n<p>Unsere Website kann Links zu anderen Websites enthalten, die nicht im Besitz oder unter der Kontrolle von uns stehen. Bitte beachten Sie, dass wir nicht f\u00fcr solche anderen Websites oder die Datenschutzpraktiken Dritter verantwortlich sind. Wir empfehlen Ihnen, sich bewusst zu sein, wenn Sie unsere Website verlassen, und lesen Sie die Datenschutzerkl\u00e4rungen jeder Website, die personenbezogene Informationen sammeln kann.<\/p>\n<p>Informationssicherheit:<\/p>\n<p>Wir sichern die von Ihnen bereitgestellten Informationen auf Computerservern in einer kontrollierten, sicheren Umgebung, die vor unbefugtem Zugriff, Verwendung oder Offenlegung gesch\u00fctzt ist. Wir treffen angemessene administrative, technische und physische Sicherheitsvorkehrungen, um unbefugten Zugriff, Verwendung, \u00c4nderung und Offenlegung personenbezogener Daten in unserem Besitz zu sch\u00fctzen. Keine Daten\u00fcbertragung \u00fcber das Internet oder drahtlose Netzwerke kann jedoch garantiert werden.<\/p>\n<p>Rechtliche Offenlegung:<\/p>\n<p>Wir werden alle Informationen offenlegen, die wir sammeln, verwenden oder erhalten, wenn dies gesetzlich vorgeschrieben oder gestattet ist, wie z. B. um einer Vorladung oder einem \u00e4hnlichen rechtlichen Verfahren nachzukommen, und wenn wir in gutem Glauben davon ausgehen, dass die Offenlegung erforderlich ist, um unsere Rechte zu sch\u00fctzen, Ihre Sicherheit oder die Sicherheit anderer zu sch\u00fctzen, Betrug zu untersuchen oder einer beh\u00f6rdlichen Anforderung nachzukommen.<\/p>\n<p>Kontaktinformationen:<\/p>\n<p>Wenn Sie weitere Informationen zu dieser Richtlinie erhalten oder uns zu einer Angelegenheit in Bezug auf individuelle Rechte und Ihre pers\u00f6nlichen Informationen kontaktieren m\u00f6chten, k\u00f6nnen Sie eine E-Mail an <a href=\"mailto:info@louigis-restaurants.de\" target=\"_new\" rel=\"noopener\">info@louigis-restaurants.de<\/a> senden.<\/p>\n<h2><\/h2>\n<p>[\/et_pb_text][\/et_pb_column][\/et_pb_row][\/et_pb_section]<\/p>\n","protected":false},"excerpt":{"rendered":"<p>Datenschutzerkl\u00e4rung &nbsp; Die Website www.Luigis-restaurants.de geh\u00f6rt Luigi&#8217;s Restaurant, das als Datenverantwortlicher f\u00fcr Ihre pers\u00f6nlichen Daten fungiert. Wir haben diese Datenschutzerkl\u00e4rung verabschiedet, die festlegt, wie wir die von www.Luigis-restaurants.de gesammelten Informationen verarbeiten. Sie gibt auch die Gr\u00fcnde an, warum wir bestimmte personenbezogene Daten \u00fcber Sie sammeln m\u00fcssen. Daher sollten Sie diese Datenschutzerkl\u00e4rung lesen, bevor Sie die [&hellip;]<\/p>\n","protected":false},"author":1,"featured_media":0,"parent":0,"menu_order":0,"comment_status":"closed","ping_status":"closed","template":"","meta":{"_et_pb_use_builder":"on","_et_pb_old_content":"<!-- wp:divi\/placeholder \/-->","_et_gb_content_width":"","_monsterinsights_skip_tracking":false,"_monsterinsights_sitenote_active":false,"_monsterinsights_sitenote_note":"","_monsterinsights_sitenote_category":0,"footnotes":""},"class_list":["post-123","page","type-page","status-publish","hentry"],"aioseo_notices":[],"_links":{"self":[{"href":"https:\/\/luigis-restaurant.de\/index.php\/wp-json\/wp\/v2\/pages\/123","targetHints":{"allow":["GET"]}}],"collection":[{"href":"https:\/\/luigis-restaurant.de\/index.php\/wp-json\/wp\/v2\/pages"}],"about":[{"href":"https:\/\/luigis-restaurant.de\/index.php\/wp-json\/wp\/v2\/types\/page"}],"author":[{"embeddable":true,"href":"https:\/\/luigis-restaurant.de\/index.php\/wp-json\/wp\/v2\/users\/1"}],"replies":[{"embeddable":true,"href":"https:\/\/luigis-restaurant.de\/index.php\/wp-json\/wp\/v2\/comments?post=123"}],"version-history":[{"count":5,"href":"https:\/\/luigis-restaurant.de\/index.php\/wp-json\/wp\/v2\/pages\/123\/revisions"}],"predecessor-version":[{"id":953,"href":"https:\/\/luigis-restaurant.de\/index.php\/wp-json\/wp\/v2\/pages\/123\/revisions\/953"}],"wp:attachment":[{"href":"https:\/\/luigis-restaurant.de\/index.php\/wp-json\/wp\/v2\/media?parent=123"}],"curies":[{"name":"wp","href":"https:\/\/api.w.org\/{rel}","templated":true}]}}