{"id":21,"date":"2023-04-21T06:25:05","date_gmt":"2023-04-21T06:25:05","guid":{"rendered":"https:\/\/urban.gregorythemes.com\/light\/?page_id=21"},"modified":"2023-11-20T17:04:08","modified_gmt":"2023-11-20T16:04:08","slug":"faq","status":"publish","type":"page","link":"https:\/\/luigis-restaurant.de\/index.php\/faq\/","title":{"rendered":"FAQ"},"content":{"rendered":"<p>[et_pb_section fb_built=&#8220;1&#8243; _builder_version=&#8220;4.22.1&#8243; _module_preset=&#8220;default&#8220; use_background_color_gradient=&#8220;on&#8220; background_color_gradient_stops=&#8220;rgba(0,0,0,0.5) 0%|rgba(0,0,0,0.5) 100%&#8220; background_color_gradient_overlays_image=&#8220;on&#8220; background_image=&#8220;https:\/\/luigis-restaurant.de\/wp-content\/uploads\/2023\/11\/2023-09-08-1.jpg&#8220; custom_padding=&#8220;6%||6%||true|false&#8220; global_colors_info=&#8220;{}&#8220;][et_pb_row _builder_version=&#8220;4.20.4&#8243; _module_preset=&#8220;default&#8220; global_colors_info=&#8220;{}&#8220;][et_pb_column type=&#8220;4_4&#8243; _builder_version=&#8220;4.20.4&#8243; _module_preset=&#8220;default&#8220; global_colors_info=&#8220;{}&#8220;][et_pb_text _builder_version=&#8220;4.20.4&#8243; _dynamic_attributes=&#8220;content&#8220; _module_preset=&#8220;default&#8220; text_orientation=&#8220;center&#8220; background_layout=&#8220;dark&#8220; global_colors_info=&#8220;{}&#8220;]@ET-DC@eyJkeW5hbWljIjp0cnVlLCJjb250ZW50IjoicG9zdF90aXRsZSIsInNldHRpbmdzIjp7ImJlZm9yZSI6IjxoMT4iLCJhZnRlciI6IjwvaDE+In19@[\/et_pb_text][\/et_pb_column][\/et_pb_row][\/et_pb_section][et_pb_section fb_built=&#8220;1&#8243; _builder_version=&#8220;4.21.0&#8243; _module_preset=&#8220;default&#8220; background_color=&#8220;RGBA(255,255,255,0)&#8220; global_colors_info=&#8220;{}&#8220;][et_pb_row _builder_version=&#8220;4.20.4&#8243; _module_preset=&#8220;default&#8220; max_width=&#8220;800px&#8220; global_colors_info=&#8220;{}&#8220;][et_pb_column type=&#8220;4_4&#8243; _builder_version=&#8220;4.20.4&#8243; _module_preset=&#8220;default&#8220; global_colors_info=&#8220;{}&#8220;][et_pb_accordion open_toggle_text_color=&#8220;#FFFFFF&#8220; open_toggle_background_color=&#8220;RGBA(255,255,255,0)&#8220; closed_toggle_background_color=&#8220;RGBA(255,255,255,0)&#8220; toggle_icon=&#8220;&#x4c;||divi||400&#8243; icon_color=&#8220;#000000&#8243; use_icon_font_size=&#8220;on&#8220; icon_font_size=&#8220;30px&#8220; disabled_on=&#8220;off|off|off&#8220; _builder_version=&#8220;4.22.1&#8243; _module_preset=&#8220;default&#8220; toggle_font_size=&#8220;1.4em&#8220; hover_enabled=&#8220;0&#8243; border_width_all=&#8220;0px&#8220; border_width_bottom=&#8220;1px&#8220; global_colors_info=&#8220;{}&#8220; sticky_enabled=&#8220;0&#8243;][et_pb_accordion_item title=&#8220;Kann man einen Tisch reservieren?&#8220; open=&#8220;on&#8220; _builder_version=&#8220;4.22.1&#8243; _module_preset=&#8220;default&#8220; global_colors_info=&#8220;{}&#8220;]<\/p>\n<p>&#8222;Ja, Sie k\u00f6nnen gerne einen Tisch bei uns reservieren. Die schnellste M\u00f6glichkeit dazu bietet die Reservierung per WhatsApp. Sie k\u00f6nnen uns einfach eine Nachricht mit Ihrem Namen, der Anzahl der Personen, dem Datum und der Uhrzeit Ihrer Reservierung senden.<\/p>\n<p>Alternativ steht Ihnen auch unser Reservierungssystem auf unserer Website zur Verf\u00fcgung. Hier k\u00f6nnen Sie bequem die gew\u00fcnschten Informationen eingeben und Ihren Tisch reservieren.<\/p>\n<p>Wir freuen uns darauf, Sie bald bei uns begr\u00fc\u00dfen zu d\u00fcrfen!&#8220;<\/p>\n<p>[\/et_pb_accordion_item][et_pb_accordion_item title=&#8220;Gibt es vegetarische \/ vegane Optionen auf der Speisekarte?&#8220; _builder_version=&#8220;4.22.1&#8243; _module_preset=&#8220;default&#8220; global_colors_info=&#8220;{}&#8220; open=&#8220;off&#8220;]<\/p>\n<p>&#8222;Ja, auf unserer Speisekarte bieten wir eine Vielzahl vegetarischer und veganer Optionen an. Alle unsere Gerichte werden frisch zubereitet und enthalten keine zus\u00e4tzlichen Zusatzstoffe. Unsere Speisekarte \u00e4ndert sich regelm\u00e4\u00dfig, um saisonale Zutaten zu integrieren und eine vielf\u00e4ltige Auswahl zu gew\u00e4hrleisten.<\/p>\n<p>Wir beraten Sie gerne vor Ort zu den aktuellen vegetarischen und veganen Optionen oder Sie k\u00f6nnen einen Blick in unsere st\u00e4ndig wechselnde Speisekarte werfen. Wir freuen uns darauf, Ihnen eine k\u00f6stliche und gesunde kulinarische Erfahrung zu bieten!&#8220;<\/p>\n<p>[\/et_pb_accordion_item][et_pb_accordion_item title=&#8220;Gibt es eine Kinderkarte?&#8220; _builder_version=&#8220;4.22.1&#8243; _module_preset=&#8220;default&#8220; global_colors_info=&#8220;{}&#8220; open=&#8220;off&#8220;]<\/p>\n<p><span>&#8222;Absolut! Wir lieben Kinder und hei\u00dfen sie herzlich willkommen. Auf unserer Kinderkarte finden Sie speziell f\u00fcr die kleinen G\u00e4ste ausgew\u00e4hlte Gerichte, die nicht nur k\u00f6stlich, sondern auch kinderfreundlich sind. Zus\u00e4tzlich haben wir einige besondere \u00dcberraschungen parat, um den Besuch f\u00fcr die kleinen G\u00e4ste noch angenehmer zu gestalten. Wir freuen uns darauf, Ihre Familie bei uns zu begr\u00fc\u00dfen und sicherzustellen, dass auch die j\u00fcngsten G\u00e4ste eine tolle Zeit haben!&#8220;<\/span><\/p>\n<p>[\/et_pb_accordion_item][et_pb_accordion_item title=&#8220;Gibt es die M\u00f6glichkeit der Zahlung per Kreditkarte \/ EC Karte?&#8220; _builder_version=&#8220;4.22.1&#8243; _module_preset=&#8220;default&#8220; global_colors_info=&#8220;{}&#8220; open=&#8220;off&#8220;]<\/p>\n<p><span>&#8222;Selbstverst\u00e4ndlich akzeptieren wir alle g\u00e4ngigen Zahlungsmittel, einschlie\u00dflich Kreditkarten und EC-Karten. Unser Ziel ist es, Ihren Besuch so bequem wie m\u00f6glich zu gestalten. Nach einem gelungenen Abend freuen wir uns nat\u00fcrlich auch \u00fcber ein nettes Trinkgeld als Anerkennung f\u00fcr unsere Bem\u00fchungen. Vielen Dank im Voraus, und wir hoffen, dass wir Ihnen einen wunderbaren kulinarischen Genuss bereiten k\u00f6nnen!&#8220;<\/span><\/p>\n<p>[\/et_pb_accordion_item][et_pb_accordion_item title=&#8220;K\u00f6nnen Gerichte zum Mitnehmen bestellt werden?&#8220; _builder_version=&#8220;4.22.1&#8243; _module_preset=&#8220;default&#8220; hover_enabled=&#8220;0&#8243; global_colors_info=&#8220;{}&#8220; open=&#8220;off&#8220; sticky_enabled=&#8220;0&#8243;]<\/p>\n<div class=\"flex-1 overflow-hidden\">\n<div class=\"react-scroll-to-bottom--css-fyqgq-79elbk h-full\">\n<div class=\"react-scroll-to-bottom--css-fyqgq-1n7m0yu\">\n<div class=\"flex flex-col text-sm gizmo:pb-9 dark:bg-gray-800 gizmo:dark:bg-transparent\">\n<div class=\"w-full text-token-text-primary border-b border-black\/10 gizmo:border-0 dark:border-gray-900\/50 gizmo:dark:border-0 bg-gray-50 gizmo:bg-transparent dark:bg-[#444654] gizmo:dark:bg-transparent\" data-testid=\"conversation-turn-17\">\n<div class=\"p-4 gizmo:py-2 justify-center text-base md:gap-6 md:py-6 m-auto\">\n<div class=\"flex flex-1 gap-4 text-base mx-auto md:gap-6 gizmo:gap-3 gizmo:md:px-5 gizmo:lg:px-1 gizmo:xl:px-5 md:max-w-2xl lg:max-w-[38rem] gizmo:md:max-w-3xl gizmo:lg:max-w-[40rem] gizmo:xl:max-w-[48rem] xl:max-w-3xl } group final-completion\">\n<div class=\"relative flex w-[calc(100%-50px)] flex-col gizmo:w-full lg:w-[calc(100%-115px)] agent-turn\">\n<div class=\"flex-col gap-1 md:gap-3\">\n<div class=\"flex flex-grow flex-col max-w-full gap-3 gizmo:gap-0\">\n<div data-message-author-role=\"assistant\" data-message-id=\"f73e30ac-5036-45a6-bcc0-da39565ad154\" class=\"min-h-[20px] text-message flex flex-col items-start gap-3 whitespace-pre-wrap break-words [.text-message+&amp;]:mt-5 overflow-x-auto\">\n<div class=\"markdown prose w-full break-words dark:prose-invert dark\">\n<p>&#8222;Ja, alle unsere Gerichte k\u00f6nnen auch zum Mitnehmen bestellt werden. Wir verstehen, dass es manchmal bequemer ist, zu Hause zu genie\u00dfen. Bitte achte darauf, dass du das Essen tats\u00e4chlich abholst, damit wir sicherstellen k\u00f6nnen, dass unsere Bem\u00fchungen nicht umsonst sind. Es w\u00e4re schade, wenn unsere k\u00f6stlichen Gerichte ungenossen blieben. Wir freuen uns darauf, dir eine geschmackvolle Mahlzeit zuzubereiten, sei es im Restaurant oder zum Mitnehmen!&#8220;<\/p>\n<\/div>\n<\/div>\n<\/div>\n<div class=\"flex justify-between empty:hidden gizmo:mt-1 gizmo:justify-start gizmo:gap-3 lg:block gizmo:lg:flex\">\n<div class=\"text-gray-400 flex self-end lg:self-center justify-center gizmo:lg:justify-start mt-2 gizmo:mt-0 visible gap-1\">\n<div class=\"flex items-center gap-1.5 text-xs\"><\/div>\n<\/div>\n<\/div>\n<\/div>\n<\/div>\n<\/div>\n<\/div>\n<\/div>\n<\/div>\n<\/div>\n<\/div>\n<\/div>\n<div class=\"w-full pt-2 md:pt-0 border-t md:border-t-0 gizmo:border-t-0 dark:border-white\/20 md:border-transparent md:dark:border-transparent md:pl-2 gizmo:pl-0 gizmo:md:pl-0 md:w-[calc(100%-.5rem)]\">\n<form class=\"stretch mx-2 flex flex-row gap-3 last:mb-2 md:mx-4 md:last:mb-6 lg:mx-auto lg:max-w-2xl xl:max-w-3xl\">\n<div class=\"relative flex h-full flex-1 items-stretch md:flex-col\">\n<div class=\"flex w-full items-center\"><\/div>\n<\/div>\n<\/form>\n<\/div>\n<p>[\/et_pb_accordion_item][et_pb_accordion_item title=&#8220;Gibt es saisonale \u00c4nderungen in der Speisekarte?&#8220; _builder_version=&#8220;4.22.1&#8243; _module_preset=&#8220;default&#8220; global_colors_info=&#8220;{}&#8220; open=&#8220;off&#8220;]<\/p>\n<p><span>&#8222;Ja, wir wechseln regelm\u00e4\u00dfig unsere Speisekarte, da wir viel Wert darauf legen, saisonale Zutaten in unsere Gerichte zu integrieren. Wir m\u00f6chten sicherstellen, dass unsere G\u00e4ste stets frische und qualitativ hochwertige Speisen genie\u00dfen k\u00f6nnen. Schau gerne auf unsere aktuelle Speisekarte und freue dich auf unsere saisonalen Spezialit\u00e4ten. Wir sind sicher, dass du etwas finden wirst, das deinen Gaumen erfreut. Wir freuen uns darauf, dich mit unseren kulinarischen Kreationen zu begeistern!&#8220;<\/span><\/p>\n<p>[\/et_pb_accordion_item][\/et_pb_accordion][\/et_pb_column][\/et_pb_row][\/et_pb_section]<\/p>\n","protected":false},"excerpt":{"rendered":"<p>&#8222;Ja, Sie k\u00f6nnen gerne einen Tisch bei uns reservieren. Die schnellste M\u00f6glichkeit dazu bietet die Reservierung per WhatsApp. Sie k\u00f6nnen uns einfach eine Nachricht mit Ihrem Namen, der Anzahl der Personen, dem Datum und der Uhrzeit Ihrer Reservierung senden. Alternativ steht Ihnen auch unser Reservierungssystem auf unserer Website zur Verf\u00fcgung. Hier k\u00f6nnen Sie bequem die [&hellip;]<\/p>\n","protected":false},"author":1,"featured_media":0,"parent":0,"menu_order":0,"comment_status":"closed","ping_status":"closed","template":"","meta":{"_et_pb_use_builder":"on","_et_pb_old_content":"<!-- wp:divi\/placeholder \/-->","_et_gb_content_width":"","_monsterinsights_skip_tracking":false,"_monsterinsights_sitenote_active":false,"_monsterinsights_sitenote_note":"","_monsterinsights_sitenote_category":0,"footnotes":""},"class_list":["post-21","page","type-page","status-publish","hentry"],"aioseo_notices":[],"_links":{"self":[{"href":"https:\/\/luigis-restaurant.de\/index.php\/wp-json\/wp\/v2\/pages\/21","targetHints":{"allow":["GET"]}}],"collection":[{"href":"https:\/\/luigis-restaurant.de\/index.php\/wp-json\/wp\/v2\/pages"}],"about":[{"href":"https:\/\/luigis-restaurant.de\/index.php\/wp-json\/wp\/v2\/types\/page"}],"author":[{"embeddable":true,"href":"https:\/\/luigis-restaurant.de\/index.php\/wp-json\/wp\/v2\/users\/1"}],"replies":[{"embeddable":true,"href":"https:\/\/luigis-restaurant.de\/index.php\/wp-json\/wp\/v2\/comments?post=21"}],"version-history":[{"count":8,"href":"https:\/\/luigis-restaurant.de\/index.php\/wp-json\/wp\/v2\/pages\/21\/revisions"}],"predecessor-version":[{"id":1026,"href":"https:\/\/luigis-restaurant.de\/index.php\/wp-json\/wp\/v2\/pages\/21\/revisions\/1026"}],"wp:attachment":[{"href":"https:\/\/luigis-restaurant.de\/index.php\/wp-json\/wp\/v2\/media?parent=21"}],"curies":[{"name":"wp","href":"https:\/\/api.w.org\/{rel}","templated":true}]}}