{"id":47,"date":"2023-04-21T06:27:42","date_gmt":"2023-04-21T06:27:42","guid":{"rendered":"https:\/\/urban.gregorythemes.com\/light\/?page_id=47"},"modified":"2023-11-20T15:16:41","modified_gmt":"2023-11-20T14:16:41","slug":"team","status":"publish","type":"page","link":"https:\/\/luigis-restaurant.de\/index.php\/team\/","title":{"rendered":"Team"},"content":{"rendered":"<p>[et_pb_section fb_built=&#8220;1&#8243; _builder_version=&#8220;4.22.1&#8243; _module_preset=&#8220;default&#8220; use_background_color_gradient=&#8220;on&#8220; background_color_gradient_stops=&#8220;rgba(0,0,0,0.5) 0%|rgba(0,0,0,0.5) 100%&#8220; background_color_gradient_overlays_image=&#8220;on&#8220; background_image=&#8220;https:\/\/luigis-restaurant.de\/wp-content\/uploads\/2023\/11\/2023-09-08-1.jpg&#8220; custom_padding=&#8220;6%||6%||true|false&#8220; global_colors_info=&#8220;{}&#8220;][et_pb_row _builder_version=&#8220;4.20.4&#8243; _module_preset=&#8220;default&#8220; global_colors_info=&#8220;{}&#8220;][et_pb_column type=&#8220;4_4&#8243; _builder_version=&#8220;4.20.4&#8243; _module_preset=&#8220;default&#8220; global_colors_info=&#8220;{}&#8220;][et_pb_text _builder_version=&#8220;4.20.4&#8243; _dynamic_attributes=&#8220;content&#8220; _module_preset=&#8220;default&#8220; text_orientation=&#8220;center&#8220; background_layout=&#8220;dark&#8220; global_colors_info=&#8220;{}&#8220;]@ET-DC@eyJkeW5hbWljIjp0cnVlLCJjb250ZW50IjoicG9zdF90aXRsZSIsInNldHRpbmdzIjp7ImJlZm9yZSI6IjxoMT4iLCJhZnRlciI6IjwvaDE+In19@[\/et_pb_text][\/et_pb_column][\/et_pb_row][\/et_pb_section][et_pb_section fb_built=&#8220;1&#8243; _builder_version=&#8220;4.21.0&#8243; _module_preset=&#8220;default&#8220; background_color=&#8220;RGBA(255,255,255,0)&#8220; global_colors_info=&#8220;{}&#8220;][et_pb_row column_structure=&#8220;1_3,1_3,1_3&#8243; make_equal=&#8220;on&#8220; _builder_version=&#8220;4.20.4&#8243; _module_preset=&#8220;default&#8220; custom_css_main_element=&#8220;align-items: center;&#8220; global_colors_info=&#8220;{}&#8220;][et_pb_column type=&#8220;1_3&#8243; _builder_version=&#8220;4.20.4&#8243; _module_preset=&#8220;default&#8220; custom_padding=&#8220;||30px||false|false&#8220; global_colors_info=&#8220;{}&#8220;][et_pb_image src=&#8220;https:\/\/luigis-restaurant.de\/wp-content\/uploads\/2023\/11\/WhatsApp-Image-2023-11-20-at-11.45.25-3.jpeg&#8220; alt=&#8220;Luigis Restaurant Home&#8220; title_text=&#8220;WhatsApp Image 2023-11-20 at 11.45.25 (3)&#8220; force_fullwidth=&#8220;on&#8220; _builder_version=&#8220;4.22.1&#8243; _module_preset=&#8220;default&#8220; hover_enabled=&#8220;0&#8243; global_colors_info=&#8220;{}&#8220; sticky_enabled=&#8220;0&#8243;][\/et_pb_image][et_pb_image src=&#8220;https:\/\/luigis-restaurant.de\/wp-content\/uploads\/2023\/11\/WhatsApp-Image-2023-11-20-at-11.45.25-6.jpeg&#8220; alt=&#8220;Luigis Restaurant Home&#8220; title_text=&#8220;WhatsApp Image 2023-11-20 at 11.45.25 (6)&#8220; force_fullwidth=&#8220;on&#8220; _builder_version=&#8220;4.22.1&#8243; _module_preset=&#8220;default&#8220; hover_enabled=&#8220;0&#8243; global_colors_info=&#8220;{}&#8220; sticky_enabled=&#8220;0&#8243;][\/et_pb_image][\/et_pb_column][et_pb_column type=&#8220;1_3&#8243; _builder_version=&#8220;4.20.4&#8243; _module_preset=&#8220;default&#8220; global_colors_info=&#8220;{}&#8220;][et_pb_text module_class=&#8220;gt-subtitle&#8220; _builder_version=&#8220;4.22.1&#8243; _module_preset=&#8220;default&#8220; custom_margin=&#8220;||10px||false|false&#8220; global_colors_info=&#8220;{}&#8220;]<\/p>\n<p>\u00dcber<\/p>\n<p>[\/et_pb_text][et_pb_text _builder_version=&#8220;4.22.1&#8243; _module_preset=&#8220;default&#8220; hover_enabled=&#8220;0&#8243; global_colors_info=&#8220;{}&#8220; sticky_enabled=&#8220;0&#8243;]<\/p>\n<h2>Luigi\u00b4s.<\/h2>\n<p>[\/et_pb_text][et_pb_text _builder_version=&#8220;4.22.1&#8243; _module_preset=&#8220;default&#8220; global_colors_info=&#8220;{}&#8220;]<\/p>\n<p><span>In meinem Restaurant am Hamburger Hafen, <\/span><span>tauche ich mit Ihnen ein in die authentische italienische K\u00fcche. <\/span><\/p>\n<p><span>O<\/span><span>hne Zusatzstoffe und mit traditionellem Flair bereite ich jede Speise zu. Hier ist Essen nicht nur Nahrung, sondern eine Reise durch die Aromen Italiens.<\/span><\/p>\n<p><span> Mein Ziel ist es, dass jeder Gast nach einem Besuch bei mir Hamburg f\u00fcr einen Moment gegen die Sonnenunterg\u00e4nge der Amalfik\u00fcste eintauscht und das Herz Italiens in jedem Bissen schmeckt.<\/span><\/p>\n<p><span> Buon Appetito!<\/span><\/p>\n<p>[\/et_pb_text][et_pb_text _builder_version=&#8220;4.22.1&#8243; _module_preset=&#8220;default&#8220; text_font=&#8220;Sassy Frass||||||||&#8220; text_font_size=&#8220;4em&#8220; custom_padding=&#8220;||2px|||&#8220; global_colors_info=&#8220;{}&#8220;]<\/p>\n<p>Luigi Jr.<\/p>\n<p>[\/et_pb_text][\/et_pb_column][et_pb_column type=&#8220;1_3&#8243; _builder_version=&#8220;4.20.4&#8243; _module_preset=&#8220;default&#8220; global_colors_info=&#8220;{}&#8220;][\/et_pb_column][\/et_pb_row][\/et_pb_section][et_pb_section fb_built=&#8220;1&#8243; _builder_version=&#8220;4.21.0&#8243; _module_preset=&#8220;default&#8220; background_color=&#8220;RGBA(255,255,255,0)&#8220; global_colors_info=&#8220;{}&#8220;][et_pb_row column_structure=&#8220;1_3,1_3,1_3&#8243; disabled_on=&#8220;on|on|on&#8220; _builder_version=&#8220;4.20.4&#8243; _module_preset=&#8220;default&#8220; disabled=&#8220;on&#8220; global_colors_info=&#8220;{}&#8220;][et_pb_column type=&#8220;1_3&#8243; _builder_version=&#8220;4.20.4&#8243; _module_preset=&#8220;default&#8220; global_colors_info=&#8220;{}&#8220;][et_pb_team_member name=&#8220;Elle Rees&#8220; position=&#8220;Pastry Chef&#8220; image_url=&#8220;https:\/\/luigis-restaurant.de\/wp-content\/uploads\/2023\/04\/gt-urban-team-5.jpg&#8220; facebook_url=&#8220;#&#8220; twitter_url=&#8220;#&#8220; linkedin_url=&#8220;#&#8220; icon_color=&#8220;#FFFFFF&#8220; module_class=&#8220;gt-team&#8220; _builder_version=&#8220;4.20.4&#8243; _module_preset=&#8220;default&#8220; text_orientation=&#8220;center&#8220; border_radii_image=&#8220;on|50%|50%|50%|50%&#8220; global_colors_info=&#8220;{}&#8220;]<\/p>\n<p>Lorem ipsum dolor sit amet, consectetur adipiscing elit.<\/p>\n<p>[\/et_pb_team_member][\/et_pb_column][et_pb_column type=&#8220;1_3&#8243; _builder_version=&#8220;4.20.4&#8243; _module_preset=&#8220;default&#8220; global_colors_info=&#8220;{}&#8220;][et_pb_team_member name=&#8220;Bryan Gutierrez&#8220; position=&#8220;Waiter&#8220; image_url=&#8220;https:\/\/luigis-restaurant.de\/wp-content\/uploads\/2023\/04\/gt-urban-team-3.jpg&#8220; facebook_url=&#8220;#&#8220; twitter_url=&#8220;#&#8220; linkedin_url=&#8220;#&#8220; icon_color=&#8220;#FFFFFF&#8220; module_class=&#8220;gt-team&#8220; _builder_version=&#8220;4.20.4&#8243; _module_preset=&#8220;default&#8220; text_orientation=&#8220;center&#8220; border_radii_image=&#8220;on|50%|50%|50%|50%&#8220; global_colors_info=&#8220;{}&#8220;]<\/p>\n<p>Lorem ipsum dolor sit amet, consectetur adipiscing elit.<\/p>\n<p>[\/et_pb_team_member][\/et_pb_column][et_pb_column type=&#8220;1_3&#8243; _builder_version=&#8220;4.20.4&#8243; _module_preset=&#8220;default&#8220; global_colors_info=&#8220;{}&#8220;][et_pb_team_member name=&#8220;Paula McKnight&#8220; position=&#8220;Waiter&#8220; image_url=&#8220;https:\/\/luigis-restaurant.de\/wp-content\/uploads\/2023\/04\/gt-urban-team-6.jpg&#8220; facebook_url=&#8220;#&#8220; twitter_url=&#8220;#&#8220; linkedin_url=&#8220;#&#8220; icon_color=&#8220;#FFFFFF&#8220; module_class=&#8220;gt-team&#8220; _builder_version=&#8220;4.20.4&#8243; _module_preset=&#8220;default&#8220; text_orientation=&#8220;center&#8220; border_radii_image=&#8220;on|50%|50%|50%|50%&#8220; global_colors_info=&#8220;{}&#8220;]<\/p>\n<p>Lorem ipsum dolor sit amet, consectetur adipiscing elit.<\/p>\n<p>[\/et_pb_team_member][\/et_pb_column][\/et_pb_row][\/et_pb_section]<\/p>\n","protected":false},"excerpt":{"rendered":"<p>\u00dcberLuigi\u00b4s.In meinem Restaurant am Hamburger Hafen, tauche ich mit Ihnen ein in die authentische italienische K\u00fcche. Ohne Zusatzstoffe und mit traditionellem Flair bereite ich jede Speise zu. Hier ist Essen nicht nur Nahrung, sondern eine Reise durch die Aromen Italiens. Mein Ziel ist es, dass jeder Gast nach einem Besuch bei mir Hamburg f\u00fcr einen [&hellip;]<\/p>\n","protected":false},"author":1,"featured_media":0,"parent":0,"menu_order":0,"comment_status":"closed","ping_status":"closed","template":"","meta":{"_et_pb_use_builder":"on","_et_pb_old_content":"<!-- wp:divi\/placeholder \/-->","_et_gb_content_width":"","_monsterinsights_skip_tracking":false,"_monsterinsights_sitenote_active":false,"_monsterinsights_sitenote_note":"","_monsterinsights_sitenote_category":0,"footnotes":""},"class_list":["post-47","page","type-page","status-publish","hentry"],"aioseo_notices":[],"_links":{"self":[{"href":"https:\/\/luigis-restaurant.de\/index.php\/wp-json\/wp\/v2\/pages\/47","targetHints":{"allow":["GET"]}}],"collection":[{"href":"https:\/\/luigis-restaurant.de\/index.php\/wp-json\/wp\/v2\/pages"}],"about":[{"href":"https:\/\/luigis-restaurant.de\/index.php\/wp-json\/wp\/v2\/types\/page"}],"author":[{"embeddable":true,"href":"https:\/\/luigis-restaurant.de\/index.php\/wp-json\/wp\/v2\/users\/1"}],"replies":[{"embeddable":true,"href":"https:\/\/luigis-restaurant.de\/index.php\/wp-json\/wp\/v2\/comments?post=47"}],"version-history":[{"count":9,"href":"https:\/\/luigis-restaurant.de\/index.php\/wp-json\/wp\/v2\/pages\/47\/revisions"}],"predecessor-version":[{"id":1012,"href":"https:\/\/luigis-restaurant.de\/index.php\/wp-json\/wp\/v2\/pages\/47\/revisions\/1012"}],"wp:attachment":[{"href":"https:\/\/luigis-restaurant.de\/index.php\/wp-json\/wp\/v2\/media?parent=47"}],"curies":[{"name":"wp","href":"https:\/\/api.w.org\/{rel}","templated":true}]}}